{"id":447,"date":"2017-08-29T03:54:37","date_gmt":"2017-08-29T04:54:37","guid":{"rendered":"http:\/\/www.asr-group.hr\/?page_id=447"},"modified":"2018-12-07T09:28:29","modified_gmt":"2018-12-07T10:28:29","slug":"asr-group-oglas-za-radna-mjesta","status":"publish","type":"page","link":"http:\/\/www.asr-group.hr\/?page_id=447","title":{"rendered":"ASR Group \u2013 Oglas za radna mjesta"},"content":{"rendered":"<h3 style=\"text-align: center;\"><strong><img decoding=\"async\" loading=\"lazy\" class=\"wp-image-454 alignleft\" src=\"http:\/\/www.asr-group.hr\/wp-content\/uploads\/2014\/12\/Business-Excellence-Process-Flow-300wku106dr9cv5rapayve-300x150.jpg\" alt=\"\" width=\"512\" height=\"256\" data-id=\"454\" srcset=\"http:\/\/www.asr-group.hr\/wp-content\/uploads\/2014\/12\/Business-Excellence-Process-Flow-300wku106dr9cv5rapayve-300x150.jpg 300w, http:\/\/www.asr-group.hr\/wp-content\/uploads\/2014\/12\/Business-Excellence-Process-Flow-300wku106dr9cv5rapayve.jpg 667w\" sizes=\"(max-width: 512px) 100vw, 512px\" \/><\/strong><\/h3>\n<h3><\/h3>\n<h3><\/h3>\n<h3><\/h3>\n<h3 style=\"text-align: center;\"><strong>Senior\/Junior softverski in\u017eenjer<\/strong><\/h3>\n<h3 style=\"text-align: center;\"><strong>vi\u0161e izvr\u0161itelja \u00a0<\/strong><strong>(m\/\u017e)<\/strong><\/h3>\n<h3 style=\"text-align: center;\"><strong>(front-end, back-end<\/strong>)<\/h3>\n<p>ASR Group je firma koja se bavi razvojem programske podr\u0161ke prvenstveno za primjenu u industrijskoj proizvodnji. Zbog pove\u0107anog obujma posla i pokretanja novog razvojnog projeta na podru\u010dju IoT i Big Data, koji \u0107e uklju\u010divati stru\u010dnjake iz raznih podru\u010dja tra\u017eimo vi\u0161e izvr\u0161itelja na slijede\u0107im pozicijama<\/p>\n<p>Mjesto rada: Zagreb, mogu\u0107nost rada od ku\u0107e<\/p>\n<p>Opis posla: Rad na kompleksnim projektima razvoja programske podr\u0161ke<\/p>\n<p>Razvoj, odr\u017eavanje i pro\u0161irenje kompleksnih, skalabilnih aplikacija<\/p>\n<p>Sudjelovanje u svim fazama projekta (analiza, dizajn, implementacija, odr\u017eavanje\u2026)<\/p>\n<p>Zahtjev za seniora: Vo\u0111enje razvoja i koordiniranje ostalih \u010dlanova tima<\/p>\n<p><strong> Od Vas o\u010dekujemo (za junior poziciju nije must-have):<\/strong><\/p>\n<p>Poznavanje naprednih tehnika programiranja (OOP, arhitektura software-a, baze podataka\u2026)<\/p>\n<p>Iskustvo rada u timu<\/p>\n<p>Spremnost na stalno u\u010denje<\/p>\n<p>Organiziranost, sistemati\u010dnost i po\u0161tivanje zadanih rokova<\/p>\n<p>Dobre komunikacijske vje\u0161tine<\/p>\n<p>Zahtjev za seniora: Minimalno 2 godine radnog iskustva<\/p>\n<p>Strani jezici: napredno znanje engleskog jezika u govoru i pismu ; znanje njema\u010dkog po\u017eeljno<\/p>\n<p><strong> Nudimo<\/strong><\/p>\n<p>Izazovno i profesionalno radno okru\u017eenje<\/p>\n<p>Rad na razvoju inovativnih i zanimljivih projekata<\/p>\n<p>Iznadprosje\u010dna i stimulativna primanja<\/p>\n<p>Profesionalni i osoban razvoj<\/p>\n<p>Kontinuirane interne i eksterne edukacije<\/p>\n<p>Fleksibilno radno vrijeme<\/p>\n<p>Certificiranje<\/p>\n<p><strong> kontakt: robert.rac@asr-group.hr, 098 9837 205<\/strong><\/p>\n<p style=\"text-align: right;\"><a href=\"https:\/\/hr.jooble.org\/posao-programer+ka\">Jooble<\/a><\/p>\n","protected":false},"excerpt":{"rendered":"<p>Senior\/Junior softverski in\u017eenjer vi\u0161e izvr\u0161itelja \u00a0(m\/\u017e) (front-end, back-end) ASR Group je firma koja se bavi razvojem programske podr\u0161ke prvenstveno za primjenu u industrijskoj proizvodnji. Zbog pove\u0107anog obujma posla i pokretanja novog razvojnog projeta na podru\u010dju IoT i Big Data, koji &hellip; <a class=\"kt-excerpt-readmore\" href=\"http:\/\/www.asr-group.hr\/?page_id=447\" aria-label=\"ASR Group \u2013 Oglas za radna mjesta\">Read More<\/a><\/p>\n","protected":false},"author":1,"featured_media":0,"parent":0,"menu_order":0,"comment_status":"closed","ping_status":"closed","template":"page-fullwidth.php","meta":{"kt_blocks_editor_width":""},"_links":{"self":[{"href":"http:\/\/www.asr-group.hr\/index.php?rest_route=\/wp\/v2\/pages\/447"}],"collection":[{"href":"http:\/\/www.asr-group.hr\/index.php?rest_route=\/wp\/v2\/pages"}],"about":[{"href":"http:\/\/www.asr-group.hr\/index.php?rest_route=\/wp\/v2\/types\/page"}],"author":[{"embeddable":true,"href":"http:\/\/www.asr-group.hr\/index.php?rest_route=\/wp\/v2\/users\/1"}],"replies":[{"embeddable":true,"href":"http:\/\/www.asr-group.hr\/index.php?rest_route=%2Fwp%2Fv2%2Fcomments&post=447"}],"version-history":[{"count":12,"href":"http:\/\/www.asr-group.hr\/index.php?rest_route=\/wp\/v2\/pages\/447\/revisions"}],"predecessor-version":[{"id":478,"href":"http:\/\/www.asr-group.hr\/index.php?rest_route=\/wp\/v2\/pages\/447\/revisions\/478"}],"wp:attachment":[{"href":"http:\/\/www.asr-group.hr\/index.php?rest_route=%2Fwp%2Fv2%2Fmedia&parent=447"}],"curies":[{"name":"wp","href":"https:\/\/api.w.org\/{rel}","templated":true}]}}