{"id":103,"date":"2014-12-15T10:47:44","date_gmt":"2014-12-15T10:47:44","guid":{"rendered":"http:\/\/www.asr-group.hr\/?page_id=103"},"modified":"2020-06-16T12:04:36","modified_gmt":"2020-06-16T13:04:36","slug":"o-nama","status":"publish","type":"page","link":"https:\/\/www.asr-group.hr\/?page_id=103","title":{"rendered":"O nama"},"content":{"rendered":"<p>ASR Group d.o.o. je mlada tvrtka (2014. godine) osnovana od strane dva diplomirana in\u017eenjera elektrotehnike. Imamo dugogodi\u0161nje iskustvo na podru\u010dju razvoja kompleksnih informacijskih sustava, vo\u0111enju informati\u010dkih projekata, podru\u010dja poslovne inteligencije, industrijske automatike te razvoja profesionalne programske podr\u0161ke za industriju.<\/p>\n<p>&nbsp;<\/p>\n<p style=\"padding-left: 60px;\"><a title=\"Op\u0107e informacije\" href=\"http:\/\/www.asr-group.hr\/?page_id=182\">Op\u0107e informacije<\/a><\/p>\n<p style=\"padding-left: 60px;\"><a title=\"Misija, vizija, vrijednosti\" href=\"http:\/\/www.asr-group.hr\/?page_id=105\">Misija, vizija, vrijednosti<\/a><\/p>\n<p style=\"padding-left: 60px;\"><a title=\"Kontakt\" href=\"http:\/\/www.asr-group.hr\/?page_id=69\">Kontakt<\/a><\/p>\n<p>&nbsp;<\/p>\n<p>&nbsp;<\/p>\n","protected":false},"excerpt":{"rendered":"<p>ASR Group d.o.o. je mlada tvrtka (2014. godine) osnovana od strane dva diplomirana in\u017eenjera elektrotehnike. Imamo dugogodi\u0161nje iskustvo na podru\u010dju razvoja kompleksnih informacijskih sustava, vo\u0111enju informati\u010dkih projekata, podru\u010dja poslovne inteligencije, industrijske automatike te razvoja profesionalne programske podr\u0161ke za industriju. &nbsp; &hellip; <a class=\"kt-excerpt-readmore\" href=\"https:\/\/www.asr-group.hr\/?page_id=103\" aria-label=\"O nama\">Read More<\/a><\/p>\n","protected":false},"author":1,"featured_media":0,"parent":0,"menu_order":0,"comment_status":"open","ping_status":"open","template":"page-fullwidth.php","meta":{"kt_blocks_editor_width":""},"_links":{"self":[{"href":"https:\/\/www.asr-group.hr\/index.php?rest_route=\/wp\/v2\/pages\/103"}],"collection":[{"href":"https:\/\/www.asr-group.hr\/index.php?rest_route=\/wp\/v2\/pages"}],"about":[{"href":"https:\/\/www.asr-group.hr\/index.php?rest_route=\/wp\/v2\/types\/page"}],"author":[{"embeddable":true,"href":"https:\/\/www.asr-group.hr\/index.php?rest_route=\/wp\/v2\/users\/1"}],"replies":[{"embeddable":true,"href":"https:\/\/www.asr-group.hr\/index.php?rest_route=%2Fwp%2Fv2%2Fcomments&post=103"}],"version-history":[{"count":8,"href":"https:\/\/www.asr-group.hr\/index.php?rest_route=\/wp\/v2\/pages\/103\/revisions"}],"predecessor-version":[{"id":310,"href":"https:\/\/www.asr-group.hr\/index.php?rest_route=\/wp\/v2\/pages\/103\/revisions\/310"}],"wp:attachment":[{"href":"https:\/\/www.asr-group.hr\/index.php?rest_route=%2Fwp%2Fv2%2Fmedia&parent=103"}],"curies":[{"name":"wp","href":"https:\/\/api.w.org\/{rel}","templated":true}]}}