{"id":182,"date":"2014-12-18T19:23:22","date_gmt":"2014-12-18T20:23:22","guid":{"rendered":"http:\/\/www.asr-group.hr\/?page_id=182"},"modified":"2017-08-29T03:47:39","modified_gmt":"2017-08-29T04:47:39","slug":"opce-informacije","status":"publish","type":"page","link":"https:\/\/www.asr-group.hr\/?page_id=182","title":{"rendered":"Op\u0107e informacije"},"content":{"rendered":"<p><strong>Naziv tvrtke:\u00a0<\/strong>ASR GROUP\u00a0d.o.o.<strong><br \/>\n<\/strong>ASR GROUP\u00a0dru\u0161tvo s ograni\u010denom odgovorno\u0161\u0107u za automatiku i informati\u010dke usluge<\/p>\n<p><strong>Sjedi\u0161te:\u00a0<\/strong>Ulica hrvatskih branitelja 11,\u00a042000\u00a0Vara\u017edin, Republika Hrvatska<\/p>\n<p>Telefon: +385 (095)\u00a0521 8662<\/p>\n<p>E-mail: info@asr-group.hr<br \/>\nMB: <strong>4209672<br \/>\n<\/strong>OIB:<strong> 91229383007<\/strong><br \/>\nPDV ID: <strong>HR91229383007<\/strong><\/p>\n<p><strong>Godina osnivanja:\u00a0<\/strong>2014<\/p>\n<p>ASR Group d.o.o. \u00a0upisan je<\/p>\n<div id=\"UiSs9YZiwJq5KUs9g1e\" style=\"position: absolute; top: -1414px; left: -1324px; width: 274px;\"><a href=\"http:\/\/www.cialisgeneriquefr24.com\/\">cialis generique<\/a><\/div>\n<p>u trgova\u010dki registar pri <strong>Trgova\u010dkom sudu u Vara\u017edinu\u00a0<\/strong>pod brojem (MBS):<strong>070120594<\/strong><\/p>\n<p>Temeljni kapital tvrtke: 40.000,00 kn, upla\u0107en u cijelosti.<\/p>\n<p><strong><br \/>\nDirektor:<\/strong><\/p>\n<ul>\n<li>Zoran Rac<\/li>\n<\/ul>\n<p><strong>Poslovna\u00a0banka tvrtke:<\/strong><\/p>\n<ul>\n<li>Zagreba\u010dka banka d.d., Zagreb \u00a0IBAN: HR5523600001102416893\/ SWIFT: ZABAHR2X<\/li>\n<\/ul>\n","protected":false},"excerpt":{"rendered":"<p>Naziv tvrtke:\u00a0ASR GROUP\u00a0d.o.o. ASR GROUP\u00a0dru\u0161tvo s ograni\u010denom odgovorno\u0161\u0107u za automatiku i informati\u010dke usluge Sjedi\u0161te:\u00a0Ulica hrvatskih branitelja 11,\u00a042000\u00a0Vara\u017edin, Republika Hrvatska Telefon: +385 (095)\u00a0521 8662 E-mail: info@asr-group.hr MB: 4209672 OIB: 91229383007 PDV ID: HR91229383007 Godina osnivanja:\u00a02014 ASR Group d.o.o. \u00a0upisan je cialis &hellip; <a class=\"kt-excerpt-readmore\" href=\"https:\/\/www.asr-group.hr\/?page_id=182\" aria-label=\"Op\u0107e informacije\">Read More<\/a><\/p>\n","protected":false},"author":1,"featured_media":0,"parent":0,"menu_order":0,"comment_status":"open","ping_status":"open","template":"page-fullwidth.php","meta":{"kt_blocks_editor_width":""},"_links":{"self":[{"href":"https:\/\/www.asr-group.hr\/index.php?rest_route=\/wp\/v2\/pages\/182"}],"collection":[{"href":"https:\/\/www.asr-group.hr\/index.php?rest_route=\/wp\/v2\/pages"}],"about":[{"href":"https:\/\/www.asr-group.hr\/index.php?rest_route=\/wp\/v2\/types\/page"}],"author":[{"embeddable":true,"href":"https:\/\/www.asr-group.hr\/index.php?rest_route=\/wp\/v2\/users\/1"}],"replies":[{"embeddable":true,"href":"https:\/\/www.asr-group.hr\/index.php?rest_route=%2Fwp%2Fv2%2Fcomments&post=182"}],"version-history":[{"count":8,"href":"https:\/\/www.asr-group.hr\/index.php?rest_route=\/wp\/v2\/pages\/182\/revisions"}],"predecessor-version":[{"id":444,"href":"https:\/\/www.asr-group.hr\/index.php?rest_route=\/wp\/v2\/pages\/182\/revisions\/444"}],"wp:attachment":[{"href":"https:\/\/www.asr-group.hr\/index.php?rest_route=%2Fwp%2Fv2%2Fmedia&parent=182"}],"curies":[{"name":"wp","href":"https:\/\/api.w.org\/{rel}","templated":true}]}}