{"id":26,"date":"2014-12-13T08:09:52","date_gmt":"2014-12-13T08:09:52","guid":{"rendered":"http:\/\/www.asr-group.hr\/?page_id=26"},"modified":"2019-11-12T11:18:39","modified_gmt":"2019-11-12T12:18:39","slug":"integracija-poslovnih-rjesenja","status":"publish","type":"page","link":"https:\/\/www.asr-group.hr\/?page_id=26","title":{"rendered":"Integracija IT poslovnih sustava"},"content":{"rendered":"<h4>Konzalting<\/h4>\n<p>Na\u0161e vi\u0161egodi\u0161nje iskustvo (vi\u0161e od 15 godina u IT industriji) Vam mo\u017ee pomo\u0107i da uspje\u0161no (u roku sa zadanim resursima u okvirima bud\u017eeta) zavr\u0161ite velike IT projekte. Poma\u017eemo kod odabira i uvo\u0111enja programskih rje\u0161enja (savjetovanje kod dizajna kompleksnih programskih rje\u0161enja temeljenih na najmodernijim tehnologijama).<br \/>\nASR Group usko sura\u0111uje sa svojim klijentima kako bi identificirao procese i mogu\u0107nosti IT tehnologije.<br \/>\nASR Group nudi sljede\u0107e na podru\u010dju savjetovanja i integracije IT sustava:<\/p>\n<p style=\"padding-left: 30px;\">\u2022 Poslovno planiranje i izvje\u0161tavanje<br \/>\n\u2022 Unaprje\u0111enje poslovnih procesa<br \/>\n\u2022 Planiranje informacijskih tehnologija<br \/>\n\u2022 Savjetovanje u arhitekturi i dizajnu software-a<br \/>\n\u2022 Odr\u017eavanje postoje\u0107ih sustava<\/p>\n<h4>Sistem integracija<\/h4>\n<p>Kreiramo IT sustave za Vas kombiniraju\u0107i va\u0161e postoje\u0107e hardware-ske i software-ske sustave od vi\u0161e dobavlja\u010da u kombinaciji s na\u0161im znanjem i novim tehnologijama da bi se zadovoljili va\u0161i poslovni ciljevi. Poklonite nam povjerenje i nakon snimke stanja i na\u0161e analize mo\u017eemo vam pomo\u0107i pomaknuti Va\u0161 poslovni sustav bli\u017ee Va\u0161im potrebama. Ukoliko imate razli\u010dite sustave koji su nastali u razli\u010ditim vremenskim periodima, a va\u0161i podaci nisu uskla\u0111eni to \u010dini operativu neefikasnu i isto tako va\u0161 sustav \u010dini sigurnosno ranjivim. Mi smo tu da bi prevladali nedostatke koji su nastali razvojem tehnologije kroz vrijeme, uskladili podatke u raznim sustavima te vam u kona\u010dnici osigurali informaciju na to\u010dnim i pouzdanim podacima. Tek nakon snimke stanja mo\u017eemo vam re\u0107i koje je rje\u0161enje najbolje za Vas.<\/p>\n<h4>Vo\u0111enje informati\u010dkih projekata<\/h4>\n<p>U zavisnosti od konteksta rje\u0161enja koristimo i razne projektne metodologije za vlastiti razvoj te vam iskustvo u vo\u0111enju projekta mo\u017eemo ponuditi kao uslugu. Imamo iskustva u vo\u0111enju projekata po standardnim iterativnim metodama pa sve do agilnog projektnog upravljanja.<\/p>\n<h4>Poslovna inteligencija<\/h4>\n<p>Vi\u0161egodi\u0161nje iskustvo u izradi modela i rje\u0161enja u poslovnoj inteligenciji te vo\u0111enje projekata za poslovno izvje\u0161tavanje (business intelligence) na vode\u0107im BI platformama dokaz su iskustva koje imamo u tom podru\u010dju. Sudjelovali smo u izradi velikih sustava za planiranje i izvje\u0161tavanje na SAP BW platformi.<\/p>\n","protected":false},"excerpt":{"rendered":"<p>Konzalting Na\u0161e vi\u0161egodi\u0161nje iskustvo (vi\u0161e od 15 godina u IT industriji) Vam mo\u017ee pomo\u0107i da uspje\u0161no (u roku sa zadanim resursima u okvirima bud\u017eeta) zavr\u0161ite velike IT projekte. Poma\u017eemo kod odabira i uvo\u0111enja programskih rje\u0161enja (savjetovanje kod dizajna kompleksnih programskih &hellip; <a class=\"kt-excerpt-readmore\" href=\"https:\/\/www.asr-group.hr\/?page_id=26\" aria-label=\"Integracija IT poslovnih sustava\">Read More<\/a><\/p>\n","protected":false},"author":1,"featured_media":0,"parent":0,"menu_order":0,"comment_status":"open","ping_status":"open","template":"page-fullwidth.php","meta":{"kt_blocks_editor_width":""},"_links":{"self":[{"href":"https:\/\/www.asr-group.hr\/index.php?rest_route=\/wp\/v2\/pages\/26"}],"collection":[{"href":"https:\/\/www.asr-group.hr\/index.php?rest_route=\/wp\/v2\/pages"}],"about":[{"href":"https:\/\/www.asr-group.hr\/index.php?rest_route=\/wp\/v2\/types\/page"}],"author":[{"embeddable":true,"href":"https:\/\/www.asr-group.hr\/index.php?rest_route=\/wp\/v2\/users\/1"}],"replies":[{"embeddable":true,"href":"https:\/\/www.asr-group.hr\/index.php?rest_route=%2Fwp%2Fv2%2Fcomments&post=26"}],"version-history":[{"count":40,"href":"https:\/\/www.asr-group.hr\/index.php?rest_route=\/wp\/v2\/pages\/26\/revisions"}],"predecessor-version":[{"id":481,"href":"https:\/\/www.asr-group.hr\/index.php?rest_route=\/wp\/v2\/pages\/26\/revisions\/481"}],"wp:attachment":[{"href":"https:\/\/www.asr-group.hr\/index.php?rest_route=%2Fwp%2Fv2%2Fmedia&parent=26"}],"curies":[{"name":"wp","href":"https:\/\/api.w.org\/{rel}","templated":true}]}}