{"id":30,"date":"2014-12-13T08:36:04","date_gmt":"2014-12-13T08:36:04","guid":{"rendered":"http:\/\/www.asr-group.hr\/?page_id=30"},"modified":"2019-11-12T11:14:30","modified_gmt":"2019-11-12T12:14:30","slug":"razvoj-programskih-rjesenja","status":"publish","type":"page","link":"https:\/\/www.asr-group.hr\/?page_id=30","title":{"rendered":"Razvoj programskih rje\u0161enja"},"content":{"rendered":"<p style=\"text-align: center;\"><img decoding=\"async\" loading=\"lazy\" class=\"  wp-image-203 alignright\" src=\"http:\/\/www.asr-group.hr\/wp-content\/uploads\/2014\/12\/ASRBox_Smartmetering1-300x131.png\" alt=\"ASRBox_Smartmetering\" data-id=\"203\" width=\"396\" height=\"173\" srcset=\"https:\/\/www.asr-group.hr\/wp-content\/uploads\/2014\/12\/ASRBox_Smartmetering1-300x131.png 300w, https:\/\/www.asr-group.hr\/wp-content\/uploads\/2014\/12\/ASRBox_Smartmetering1.png 800w\" sizes=\"(max-width: 396px) 100vw, 396px\" \/><\/p>\n<p>ASR je svjestan toga da svaki&nbsp;poslovni proces i\/ili industrija&nbsp;imaju svoje specifi\u010dnosti. Stoga Vam nudimo opciju razvoja aplikacija prema&nbsp;zahtjevima Va\u0161eg poslovanja.<\/p>\n<p>U razvoju programskih rje\u0161enja koristimo sljede\u0107e tehnologije:<\/p>\n<ul>\n<li>Razvoj programske podr\u0161ke po narud\u017ebi\n<ul>\n<li>Razvoj baziran na Microsoft .Net&nbsp;tehnologijama<\/li>\n<li>Java platforma i rje\u0161enja bazirana na open-source tehnologijama<\/li>\n<li>Mobilne aplikacije za Android i &nbsp;iOS<\/li>\n<\/ul>\n<\/li>\n<li>Modeliranje i razvoj baza podataka (MS SQL, Oracle, MySQL, MongoDB, &#8230;)<\/li>\n<li>Implementacija SharePoint rje\u0161enja<\/li>\n<li>Razvoj za razli\u010dite operativne sustave (Windows, Linux, Unix, &#8230;)<\/li>\n<li>Najnovije Web tehnologije &#8211; HTML 5<\/li>\n<\/ul>\n<p>Nudimo potpun razvoj aplikacija od snimke stanja do dizajna i razvoja proizvoda, edukaciju korisnika i odr\u017eavanje.<\/p>\n<p>ASR Group tim stru\u010dnjaka \u0107e Vam pomo\u0107i u odabiru prikladne tehnologije i platforme u skladu s Va\u0161im potrebama. &nbsp;Uvijek radimo zajedno s kupcem kako bi mu ponudili najoptimalnije rje\u0161enje.<\/p>\n<p>Na\u0161 iskusni tim je Vama na usluzi bilo da va\u0161a kompanija zahtijeva online prisutnost na web-u ili razmi\u0161ljate o kompleksnim korporativnim rje\u0161enjima.<\/p>\n<p>Bilo da se radi o razvoju novih aplikacija ili odr\u017eavanju postoje\u0107ih slobodno nas kotaktirajte.<\/p>\n","protected":false},"excerpt":{"rendered":"<p>ASR je svjestan toga da svaki&nbsp;poslovni proces i\/ili industrija&nbsp;imaju svoje specifi\u010dnosti. Stoga Vam nudimo opciju razvoja aplikacija prema&nbsp;zahtjevima Va\u0161eg poslovanja. U razvoju programskih rje\u0161enja koristimo sljede\u0107e tehnologije: Razvoj programske podr\u0161ke po narud\u017ebi Razvoj baziran na Microsoft .Net&nbsp;tehnologijama Java platforma i &hellip; <a class=\"kt-excerpt-readmore\" href=\"https:\/\/www.asr-group.hr\/?page_id=30\" aria-label=\"Razvoj programskih rje\u0161enja\">Read More<\/a><\/p>\n","protected":false},"author":1,"featured_media":0,"parent":0,"menu_order":0,"comment_status":"open","ping_status":"open","template":"page-fullwidth.php","meta":{"kt_blocks_editor_width":""},"_links":{"self":[{"href":"https:\/\/www.asr-group.hr\/index.php?rest_route=\/wp\/v2\/pages\/30"}],"collection":[{"href":"https:\/\/www.asr-group.hr\/index.php?rest_route=\/wp\/v2\/pages"}],"about":[{"href":"https:\/\/www.asr-group.hr\/index.php?rest_route=\/wp\/v2\/types\/page"}],"author":[{"embeddable":true,"href":"https:\/\/www.asr-group.hr\/index.php?rest_route=\/wp\/v2\/users\/1"}],"replies":[{"embeddable":true,"href":"https:\/\/www.asr-group.hr\/index.php?rest_route=%2Fwp%2Fv2%2Fcomments&post=30"}],"version-history":[{"count":42,"href":"https:\/\/www.asr-group.hr\/index.php?rest_route=\/wp\/v2\/pages\/30\/revisions"}],"predecessor-version":[{"id":480,"href":"https:\/\/www.asr-group.hr\/index.php?rest_route=\/wp\/v2\/pages\/30\/revisions\/480"}],"wp:attachment":[{"href":"https:\/\/www.asr-group.hr\/index.php?rest_route=%2Fwp%2Fv2%2Fmedia&parent=30"}],"curies":[{"name":"wp","href":"https:\/\/api.w.org\/{rel}","templated":true}]}}